{"id":468,"date":"2022-12-23T12:27:51","date_gmt":"2022-12-23T12:27:51","guid":{"rendered":"https:\/\/lihotel.com.tr\/?page_id=468"},"modified":"2022-12-31T14:02:41","modified_gmt":"2022-12-31T14:02:41","slug":"odalarimiz","status":"publish","type":"page","link":"https:\/\/lihotel.com.tr\/en\/odalarimiz\/","title":{"rendered":"Accommodation"},"content":{"rendered":"<div class=\"vc_row wpb_row vc_row-fluid\"><div class=\"wpb_column vc_column_container vc_col-sm-12\"><div class=\"vc_column-inner\"><div class=\"wpb_wrapper\">\t\n\t<!-- BEGIN .shb-accommodation-listing-style-1 -->\n\t<div class=\"shb-accommodation-listing-style-1 shb-accommodation-listing-style-1-columns-3 sohohotel-owl-carousel-3\">\n\t\t\n\t\t\t\t\n\t\t<!-- BEGIN .shb-accommodation-listing-item -->\n\t\t<div class=\"shb-accommodation-listing-item\">\n\t\t\t\n\t\t\t\t\t\t\t<a href=\"https:\/\/lihotel.com.tr\/en\/accommodation\/deluxe-room\/\" rel=\"bookmark\" title=\"Deluxe Room\">\n\t\t\t\t\t\t\t\t\t\t<img decoding=\"async\" class=\"shb-accommodation-listing-image\" src=\"https:\/\/lihotel.com.tr\/wp-content\/uploads\/2022\/12\/image00009-1-1180x710.jpeg\" alt=\"Deluxe Oda\" \/>\t\t\t\t<\/a>\n\t\t\t\t\t\t\n\t\t\t<div class=\"shb-accommodation-listing-description-wrapper\">\n\t\t\t\t\n\t\t\t\t<h3><a href=\"https:\/\/lihotel.com.tr\/en\/accommodation\/deluxe-room\/\" rel=\"bookmark\" title=\"Deluxe Room\">Deluxe Room<\/a><\/h3>\n\t\t\t\t\n\t\t\t\t<div class=\"shb-accommodation-listing-description shb-clearfix\">\n\t\t\t\t\t\n\t\t\t\t\t<ul>\r\n<li>30 sqm, 2 balcony, air condition, coffee setup, LCD TV<\/li>\r\n<\/ul>\r\n\r\n<\/ul>\t\t\t\t\t\n\t\t\t\t\t<a href=\"https:\/\/lihotel.com.tr\/en\/accommodation\/deluxe-room\/\" class=\"shb-accommodation-listing-button1\">\u0130ncele<\/a>\n\t\t\t\t\t\n\n\t\t\t\t\n\t\t\t\t<\/div>\n\t\t\t\t\n\t\t\t<\/div>\n\t\t\t\n\t\t<!-- END .shb-accommodation-listing-item -->\n\t\t<\/div>\n\t\t\n\t\t\t\t\n\t\t<!-- BEGIN .shb-accommodation-listing-item -->\n\t\t<div class=\"shb-accommodation-listing-item\">\n\t\t\t\n\t\t\t\t\t\t\t<a href=\"https:\/\/lihotel.com.tr\/en\/accommodation\/double-oda\/\" rel=\"bookmark\" title=\"Superior Room\">\n\t\t\t\t\t\t\t\t\t\t<img decoding=\"async\" class=\"shb-accommodation-listing-image\" src=\"https:\/\/lihotel.com.tr\/wp-content\/uploads\/2022\/09\/image00042-1180x710.jpeg\" alt=\"Superior Oda\" \/>\t\t\t\t<\/a>\n\t\t\t\t\t\t\n\t\t\t<div class=\"shb-accommodation-listing-description-wrapper\">\n\t\t\t\t\n\t\t\t\t<h3><a href=\"https:\/\/lihotel.com.tr\/en\/accommodation\/double-oda\/\" rel=\"bookmark\" title=\"Superior Room\">Superior Room<\/a><\/h3>\n\t\t\t\t\n\t\t\t\t<div class=\"shb-accommodation-listing-description shb-clearfix\">\n\t\t\t\t\t\n\t\t\t\t\t<ul>\r\n<li> 21 sqm, 2 balcony, air condition, coffee setup, LCD TV<\/li>\r\n<\/ul>\r\n\t\t\t\t\t\n\t\t\t\t\t<a href=\"https:\/\/lihotel.com.tr\/en\/accommodation\/double-oda\/\" class=\"shb-accommodation-listing-button1\">\u0130ncele<\/a>\n\t\t\t\t\t\n\n\t\t\t\t\n\t\t\t\t<\/div>\n\t\t\t\t\n\t\t\t<\/div>\n\t\t\t\n\t\t<!-- END .shb-accommodation-listing-item -->\n\t\t<\/div>\n\t\t\n\t\t\t\t\n\t<!-- END .shb-accommodation-listing-style-1 -->\n\t<\/div>\n\t\n\t<\/div><\/div><\/div><\/div>","protected":false},"excerpt":{"rendered":"Superior Oda Oda:: 2 Yeti\u015fkin Alan: 21 sqm Oda Hakk\u0131nda Otelimizin 6 superior odas\u0131nda balkon, bebek yata\u011f\u0131, \u00fccretsiz Wi-Fi, kablosuz TV ba\u011flant\u0131s\u0131, LCD TV, kahve set-up, minibar, buklet malzemeleri, safe box, havlu seti ve sa\u00e7 kurutma makinas\u0131 standart konfor olarak sunulmaktad\u0131r. Hizmetler Y\u00fcksek h\u0131zl\u0131 Wi-Fi Cafe Birden fazla dil bilen personel Lobby 7 \/ 24<a href=\"https:\/\/lihotel.com.tr\/en\/accommodation\/double-oda\/\" class=\"sohohotel-more-link\">Read More<\/a>","protected":false},"author":2,"featured_media":612,"parent":0,"menu_order":0,"comment_status":"closed","ping_status":"closed","template":"","meta":{"footnotes":""},"class_list":["post-468","page","type-page","status-publish","has-post-thumbnail","hentry"],"_links":{"self":[{"href":"https:\/\/lihotel.com.tr\/en\/wp-json\/wp\/v2\/pages\/468","targetHints":{"allow":["GET"]}}],"collection":[{"href":"https:\/\/lihotel.com.tr\/en\/wp-json\/wp\/v2\/pages"}],"about":[{"href":"https:\/\/lihotel.com.tr\/en\/wp-json\/wp\/v2\/types\/page"}],"author":[{"embeddable":true,"href":"https:\/\/lihotel.com.tr\/en\/wp-json\/wp\/v2\/users\/2"}],"replies":[{"embeddable":true,"href":"https:\/\/lihotel.com.tr\/en\/wp-json\/wp\/v2\/comments?post=468"}],"version-history":[{"count":1,"href":"https:\/\/lihotel.com.tr\/en\/wp-json\/wp\/v2\/pages\/468\/revisions"}],"predecessor-version":[{"id":469,"href":"https:\/\/lihotel.com.tr\/en\/wp-json\/wp\/v2\/pages\/468\/revisions\/469"}],"wp:featuredmedia":[{"embeddable":true,"href":"https:\/\/lihotel.com.tr\/en\/wp-json\/wp\/v2\/media\/612"}],"wp:attachment":[{"href":"https:\/\/lihotel.com.tr\/en\/wp-json\/wp\/v2\/media?parent=468"}],"curies":[{"name":"wp","href":"https:\/\/api.w.org\/{rel}","templated":true}]}}