{"id":701,"date":"2024-03-01T13:42:33","date_gmt":"2024-03-01T13:42:33","guid":{"rendered":"https:\/\/lihotel.com.tr\/?page_id=701"},"modified":"2024-03-01T13:42:34","modified_gmt":"2024-03-01T13:42:34","slug":"surdurulebilir-turizm","status":"publish","type":"page","link":"https:\/\/lihotel.com.tr\/en\/surdurulebilir-turizm\/","title":{"rendered":"Sustainable Tourism"},"content":{"rendered":"<p>To achieve our ensure our target of offering a unique accommodation experience permanent and sustainable, we are committed to complying with the articles stated in this policy;<\/p>\n\n\n\n<p><strong>Legal requirements<\/strong><\/p>\n\n\n\n<p>By respecting the legal legislation and the rule of law regarding the sector we serve, we act in accordance with National and International Laws and other relevant laws and other conditions that our institution is obliged to comply with.<\/p>\n\n\n\n<p><strong>Suitability for Individuals with Disabilities<\/strong><\/p>\n\n\n\n<p>Our facility is not suitable for use by disabled individuals.<\/p>\n\n\n\n<p><strong>Security of Our Stakeholders and Investment in People<\/strong><\/p>\n\n\n\n<p>Health and safety is our top priority for all our stakeholders. We approach and continue to work with our colleagues, supplier partners and all other stakeholders in line with these two criteria. In this context, we hold regular meetings for continuous training, risk analysis, review and risk reduction, create action plans and implement them.<\/p>\n\n\n\n<p>All stakeholders have freedom of thought and belief, and we do not discriminate against anyone on issues such as language, religion, race, gender, social class, age and union membership. Protection of human rights is our fundamental rule.<\/p>\n\n\n\n<p><strong>Guest Satisfaction<\/strong><\/p>\n\n\n\n<p>The primary goal in the sector in which we operate is guest satisfaction. In this context, in addition to globally acclaimed online platforms for both accommodation and feedback management, we use the one-to-one guest relationship management method, which is very important for our industry, and we record every suggestion and complaint, seeing it as a potential development point for ourselves.<\/p>\n\n\n\n<p><strong>Respecting the Environment and Protecting Natural Life<\/strong><\/p>\n\n\n\n<p>We are aware that one of the cornerstones of a sustainable life is protecting the natural environment. In this context, we are sensitive about preventing environmental pollution by using our resources in the most efficient way, reducing the amount of waste within the scope of zero waste and recycling the waste, making it harmless to nature, reducing climate change and protecting biodiversity and ecosystem.<\/p>\n\n\n\n<p><strong>Energy-saving<\/strong><\/p>\n\n\n\n<p>We regularly monitor the energy usage amounts in our facility. We aim to use energy resources in the most efficient way and continuously improve our performance by identifying areas where energy savings can be achieved and taking the necessary measures.<\/p>\n\n\n\n<p><strong>Food Safety \u2013 Hygiene<\/strong><\/p>\n\n\n\n<p>In this context, we take the necessary precautions and constantly improve the processes in accordance with both legal regulations and in-house quality standards.<\/p>\n\n\n\n<p><strong>Support to Local Economy and Sustainability<\/strong><\/p>\n\n\n\n<p>We prefer local suppliers under all conditions where equal service quality criteria are met. In this way, we aim to spread the positive effects of tourism to a wider audience, not only financially but also by helping local suppliers increase their production and service quality. In our purchasing processes, we consider the criteria of producing less energy, water and waste and being environmentally friendly.<\/p>","protected":false},"excerpt":{"rendered":"<p>Benzersiz bir konaklama deneyimini mottomuzu kal\u0131c\u0131 ve s\u00fcrd\u00fcr\u00fclebilir k\u0131lmak ad\u0131na bu politikada belirtti\u011fimiz maddelere uyumlu olmay\u0131 taahh\u00fct ediyoruz; Yasal gereklilikler Hizmet verdi\u011fimiz sekt\u00f6r ile ilgili yasal mevzuata ve hukukun \u00fcst\u00fcnl\u00fc\u011f\u00fcne sayg\u0131 duyarak, Ulusal ve Uluslararas\u0131 Kanunlara ve ilgili di\u011fer kanunlara, kurumumuzun uymakla y\u00fck\u00fcml\u00fc oldu\u011fu di\u011fer \u015fartlara uygun hareket ediyoruz. Engelli Bireylere Uygunluk Tesisimiz engelli bireylerin<\/p>\n<a href=\"https:\/\/lihotel.com.tr\/en\/surdurulebilir-turizm\/\" class=\"sohohotel-more-link\">Read More<\/a>","protected":false},"author":1,"featured_media":0,"parent":0,"menu_order":0,"comment_status":"closed","ping_status":"closed","template":"","meta":{"footnotes":""},"class_list":["post-701","page","type-page","status-publish","hentry"],"_links":{"self":[{"href":"https:\/\/lihotel.com.tr\/en\/wp-json\/wp\/v2\/pages\/701","targetHints":{"allow":["GET"]}}],"collection":[{"href":"https:\/\/lihotel.com.tr\/en\/wp-json\/wp\/v2\/pages"}],"about":[{"href":"https:\/\/lihotel.com.tr\/en\/wp-json\/wp\/v2\/types\/page"}],"author":[{"embeddable":true,"href":"https:\/\/lihotel.com.tr\/en\/wp-json\/wp\/v2\/users\/1"}],"replies":[{"embeddable":true,"href":"https:\/\/lihotel.com.tr\/en\/wp-json\/wp\/v2\/comments?post=701"}],"version-history":[{"count":1,"href":"https:\/\/lihotel.com.tr\/en\/wp-json\/wp\/v2\/pages\/701\/revisions"}],"predecessor-version":[{"id":702,"href":"https:\/\/lihotel.com.tr\/en\/wp-json\/wp\/v2\/pages\/701\/revisions\/702"}],"wp:attachment":[{"href":"https:\/\/lihotel.com.tr\/en\/wp-json\/wp\/v2\/media?parent=701"}],"curies":[{"name":"wp","href":"https:\/\/api.w.org\/{rel}","templated":true}]}}