{"id":75,"date":"2022-09-12T08:33:21","date_gmt":"2022-09-12T08:33:21","guid":{"rendered":"https:\/\/lihotel.com.tr\/about-us-ii\/"},"modified":"2023-01-02T11:58:16","modified_gmt":"2023-01-02T11:58:16","slug":"kurumsal","status":"publish","type":"page","link":"https:\/\/lihotel.com.tr\/en\/kurumsal\/","title":{"rendered":"Overview"},"content":{"rendered":"<div class=\"vc_row wpb_row vc_row-fluid\"><div class=\"wpb_column vc_column_container vc_col-sm-6\"><div class=\"vc_column-inner\"><div class=\"wpb_wrapper\">\n\t<div class=\"wpb_text_column wpb_content_element  vc_custom_1671797656766\" >\n\t\t<div class=\"wpb_wrapper\">\n\t\t\t<p>Istiklal Street is located in the heart of Istanbul. The street which is a pedestrian area is a 24 hour living place with cafes, restaurants, bars and nightclubs, shopping, entertainment and cultural venues.<\/p>\n<p>Li Hotel Pera offers a unique accommodation experience in the center of Istiklal Street with its reconstructed and decorated building combining the Levantine past of the region with modernity, a caf\u00e9 inspired by French bistros, modern and comfortable rooms, and a terrace offering panoramic sea and city views.<\/p>\n\n\t\t<\/div>\n\t<\/div>\n<\/div><\/div><\/div><div class=\"wpb_column vc_column_container vc_col-sm-6\"><div class=\"vc_column-inner\"><div class=\"wpb_wrapper\">\n\t<div  class=\"wpb_single_image wpb_content_element vc_align_center\">\n\t\t\n\t\t<figure class=\"wpb_wrapper vc_figure\">\n\t\t\t<div class=\"vc_single_image-wrapper   vc_box_border_grey\"><img loading=\"lazy\" decoding=\"async\" width=\"1024\" height=\"768\" src=\"https:\/\/lihotel.com.tr\/wp-content\/uploads\/2022\/12\/vitrin-istiklal-1024x768.jpg\" class=\"vc_single_image-img attachment-large\" alt=\"\" title=\"vitrin-istiklal\" srcset=\"https:\/\/lihotel.com.tr\/wp-content\/uploads\/2022\/12\/vitrin-istiklal-1024x768.jpg 1024w, https:\/\/lihotel.com.tr\/wp-content\/uploads\/2022\/12\/vitrin-istiklal-300x225.jpg 300w, https:\/\/lihotel.com.tr\/wp-content\/uploads\/2022\/12\/vitrin-istiklal-768x576.jpg 768w, https:\/\/lihotel.com.tr\/wp-content\/uploads\/2022\/12\/vitrin-istiklal-1536x1152.jpg 1536w, https:\/\/lihotel.com.tr\/wp-content\/uploads\/2022\/12\/vitrin-istiklal-2048x1536.jpg 2048w, https:\/\/lihotel.com.tr\/wp-content\/uploads\/2022\/12\/vitrin-istiklal-100x75.jpg 100w, https:\/\/lihotel.com.tr\/wp-content\/uploads\/2022\/12\/vitrin-istiklal-600x450.jpg 600w\" sizes=\"auto, (max-width: 1024px) 100vw, 1024px\" \/><\/div>\n\t\t<\/figure>\n\t<\/div>\n<\/div><\/div><\/div><\/div><div class=\"vc_row wpb_row vc_row-fluid\"><div class=\"wpb_column vc_column_container vc_col-sm-6\"><div class=\"vc_column-inner\"><div class=\"wpb_wrapper\">\n\t<div  class=\"wpb_single_image wpb_content_element vc_align_center\">\n\t\t\n\t\t<figure class=\"wpb_wrapper vc_figure\">\n\t\t\t<div class=\"vc_single_image-wrapper   vc_box_border_grey\"><img loading=\"lazy\" decoding=\"async\" width=\"1024\" height=\"768\" src=\"https:\/\/lihotel.com.tr\/wp-content\/uploads\/2022\/12\/kafe-yatak-1-1024x768.jpg\" class=\"vc_single_image-img attachment-large\" alt=\"\" title=\"kafe-yatak\" srcset=\"https:\/\/lihotel.com.tr\/wp-content\/uploads\/2022\/12\/kafe-yatak-1-1024x768.jpg 1024w, https:\/\/lihotel.com.tr\/wp-content\/uploads\/2022\/12\/kafe-yatak-1-300x225.jpg 300w, https:\/\/lihotel.com.tr\/wp-content\/uploads\/2022\/12\/kafe-yatak-1-768x576.jpg 768w, https:\/\/lihotel.com.tr\/wp-content\/uploads\/2022\/12\/kafe-yatak-1-1536x1152.jpg 1536w, https:\/\/lihotel.com.tr\/wp-content\/uploads\/2022\/12\/kafe-yatak-1-2048x1536.jpg 2048w, https:\/\/lihotel.com.tr\/wp-content\/uploads\/2022\/12\/kafe-yatak-1-100x75.jpg 100w, https:\/\/lihotel.com.tr\/wp-content\/uploads\/2022\/12\/kafe-yatak-1-600x450.jpg 600w\" sizes=\"auto, (max-width: 1024px) 100vw, 1024px\" \/><\/div>\n\t\t<\/figure>\n\t<\/div>\n<\/div><\/div><\/div><div class=\"wpb_column vc_column_container vc_col-sm-6\"><div class=\"vc_column-inner\"><div class=\"wpb_wrapper\">\n\t<div class=\"wpb_text_column wpb_content_element  vc_custom_1672550141247\" >\n\t\t<div class=\"wpb_wrapper\">\n\t\t\t<p>Our hotel is 50 meters from Aga Camii nostalgic tramway stop, 500 meters from metro station and bus stops. It is 40 km from Istanbul Airport, 45 km from Sabiha G\u00f6k\u00e7en Airport, 1.5 km from prestigious concert and event halls such as Atat\u00fcrk Cultural Center, Cemal Re\u015fit Rey and L\u00fctf\u00fc K\u0131rdar, 1 km from historical and trendy districts such as Galata Tower, Karak\u00f6y and Cihangir, 7 km from the historical peninsula and 10 km from the business center Levent.<\/p>\n<p>Li Hotel Pera offers 6 superior and 6 deluxe rooms with balcony, baby bed, free Wi-Fi, wireless TV connection, LCD TV, coffee set-up, minibar, amenities, safe box, towel set and hair dryer as standard comforts.<\/p>\n\n\t\t<\/div>\n\t<\/div>\n<\/div><\/div><\/div><\/div><div class=\"vc_row wpb_row vc_row-fluid\"><div class=\"wpb_column vc_column_container vc_col-sm-6\"><div class=\"vc_column-inner\"><div class=\"wpb_wrapper\">\n\t<div class=\"wpb_text_column wpb_content_element  vc_custom_1671797765344\" >\n\t\t<div class=\"wpb_wrapper\">\n\t\t\t<p>The elevator serving each floor and 24-hour reception are among the other prominent features.<\/p>\n<p>To enhance your accommodation experience we are also offering some paid services such as breakfast service, extra bed, laundry, dry cleaning, parking \/ valet, airport transfer and tour service.<\/p>\n<p>With our experienced and friendly team, we would be pleased to offer you a unique accommodation experience.<\/p>\n\n\t\t<\/div>\n\t<\/div>\n<\/div><\/div><\/div><div class=\"wpb_column vc_column_container vc_col-sm-6\"><div class=\"vc_column-inner\"><div class=\"wpb_wrapper\">\n\t<div  class=\"wpb_single_image wpb_content_element vc_align_center\">\n\t\t\n\t\t<figure class=\"wpb_wrapper vc_figure\">\n\t\t\t<div class=\"vc_single_image-wrapper   vc_box_border_grey\"><img loading=\"lazy\" decoding=\"async\" width=\"1024\" height=\"542\" src=\"https:\/\/lihotel.com.tr\/wp-content\/uploads\/2022\/12\/bf-1-1024x542.jpeg\" class=\"vc_single_image-img attachment-large\" alt=\"\" title=\"bf\" srcset=\"https:\/\/lihotel.com.tr\/wp-content\/uploads\/2022\/12\/bf-1-1024x542.jpeg 1024w, https:\/\/lihotel.com.tr\/wp-content\/uploads\/2022\/12\/bf-1-300x159.jpeg 300w, https:\/\/lihotel.com.tr\/wp-content\/uploads\/2022\/12\/bf-1-768x406.jpeg 768w, https:\/\/lihotel.com.tr\/wp-content\/uploads\/2022\/12\/bf-1-1536x813.jpeg 1536w, https:\/\/lihotel.com.tr\/wp-content\/uploads\/2022\/12\/bf-1-2048x1084.jpeg 2048w, https:\/\/lihotel.com.tr\/wp-content\/uploads\/2022\/12\/bf-1-100x53.jpeg 100w, https:\/\/lihotel.com.tr\/wp-content\/uploads\/2022\/12\/bf-1-600x317.jpeg 600w\" sizes=\"auto, (max-width: 1024px) 100vw, 1024px\" \/><\/div>\n\t\t<\/figure>\n\t<\/div>\n<\/div><\/div><\/div><\/div><div class=\"vc_row wpb_row vc_row-fluid vc_custom_1627553435640 vc_row-has-fill\"><div class=\"wpb_column vc_column_container vc_col-sm-12 vc_col-has-fill\"><div class=\"vc_column-inner vc_custom_1627553414681\"><div class=\"wpb_wrapper\"><div class=\"vc_separator wpb_content_element vc_separator_align_center vc_sep_width_100 vc_sep_pos_align_center vc_separator_no_text\" ><span class=\"vc_sep_holder vc_sep_holder_l\"><span  style=\"border-color:#dedede;\" class=\"vc_sep_line\"><\/span><\/span><span class=\"vc_sep_holder vc_sep_holder_r\"><span  style=\"border-color:#dedede;\" class=\"vc_sep_line\"><\/span><\/span>\n<\/div><\/div><\/div><\/div><\/div>","protected":false},"excerpt":{"rendered":"\u0130stiklal caddesi konum itibariyle \u0130stanbul\u2019un kalbinde yer almaktad\u0131r. Ara\u00e7 trafi\u011fine kapal\u0131 olan cadde, kafe restoran, bar ve gece kul\u00fcpleri, al\u0131\u015fveri\u015f, e\u011flence ve k\u00fclt\u00fcr mekanlar\u0131 ile 24 saat ya\u015fayan bir yerdir. Li Hotel Pera, \u0130stiklal caddesinin merkezinde, b\u00f6lgenin levanten ge\u00e7mi\u015fi ile modernli\u011fi birle\u015ftirerek yeniden in\u015fa edilen ve dekore edilen binas\u0131, frans\u0131z bistrolar\u0131ndan esinlenen kafesi, modern ve<a href=\"https:\/\/lihotel.com.tr\/en\/kurumsal\/\" class=\"sohohotel-more-link\">Read More<\/a>","protected":false},"author":1,"featured_media":0,"parent":0,"menu_order":0,"comment_status":"closed","ping_status":"closed","template":"","meta":{"footnotes":""},"class_list":["post-75","page","type-page","status-publish","hentry"],"_links":{"self":[{"href":"https:\/\/lihotel.com.tr\/en\/wp-json\/wp\/v2\/pages\/75","targetHints":{"allow":["GET"]}}],"collection":[{"href":"https:\/\/lihotel.com.tr\/en\/wp-json\/wp\/v2\/pages"}],"about":[{"href":"https:\/\/lihotel.com.tr\/en\/wp-json\/wp\/v2\/types\/page"}],"author":[{"embeddable":true,"href":"https:\/\/lihotel.com.tr\/en\/wp-json\/wp\/v2\/users\/1"}],"replies":[{"embeddable":true,"href":"https:\/\/lihotel.com.tr\/en\/wp-json\/wp\/v2\/comments?post=75"}],"version-history":[{"count":22,"href":"https:\/\/lihotel.com.tr\/en\/wp-json\/wp\/v2\/pages\/75\/revisions"}],"predecessor-version":[{"id":637,"href":"https:\/\/lihotel.com.tr\/en\/wp-json\/wp\/v2\/pages\/75\/revisions\/637"}],"wp:attachment":[{"href":"https:\/\/lihotel.com.tr\/en\/wp-json\/wp\/v2\/media?parent=75"}],"curies":[{"name":"wp","href":"https:\/\/api.w.org\/{rel}","templated":true}]}}