{"id":87,"date":"2022-09-12T08:33:21","date_gmt":"2022-09-12T08:33:21","guid":{"rendered":"https:\/\/lihotel.com.tr\/contact-us-i\/"},"modified":"2023-01-02T12:00:33","modified_gmt":"2023-01-02T12:00:33","slug":"iletisim","status":"publish","type":"page","link":"https:\/\/lihotel.com.tr\/en\/iletisim\/","title":{"rendered":"Contact"},"content":{"rendered":"<div class=\"vc_row wpb_row vc_row-fluid\"><div class=\"wpb_column vc_column_container vc_col-sm-12\"><div class=\"vc_column-inner\"><div class=\"wpb_wrapper\"><div class=\"vc_separator wpb_content_element vc_separator_align_center vc_sep_width_100 vc_sep_pos_align_center vc_separator_no_text vc_sep_color_grey\" ><span class=\"vc_sep_holder vc_sep_holder_l\"><span  class=\"vc_sep_line\"><\/span><\/span><span class=\"vc_sep_holder vc_sep_holder_r\"><span  class=\"vc_sep_line\"><\/span><\/span>\n<\/div><\/div><\/div><\/div><\/div><div class=\"vc_row wpb_row vc_row-fluid sohohotel-content-wrapper-vc\"><div class=\"wpb_column vc_column_container vc_col-sm-6\"><div class=\"vc_column-inner\"><div class=\"wpb_wrapper\">\n<div class=\"wpcf7 no-js\" id=\"wpcf7-f72-o1\" lang=\"en-US\" dir=\"ltr\" data-wpcf7-id=\"72\">\n<div class=\"screen-reader-response\"><p role=\"status\" aria-live=\"polite\" aria-atomic=\"true\"><\/p> <ul><\/ul><\/div>\n<form action=\"\/en\/wp-json\/wp\/v2\/pages\/87#wpcf7-f72-o1\" method=\"post\" class=\"wpcf7-form init\" aria-label=\"Contact form\" novalidate=\"novalidate\" data-status=\"init\" data-trp-original-action=\"\/en\/wp-json\/wp\/v2\/pages\/87#wpcf7-f72-o1\">\n<div style=\"display: none;\">\n<input type=\"hidden\" name=\"_wpcf7\" value=\"72\" \/>\n<input type=\"hidden\" name=\"_wpcf7_version\" value=\"6.0\" \/>\n<input type=\"hidden\" name=\"_wpcf7_locale\" value=\"en_US\" \/>\n<input type=\"hidden\" name=\"_wpcf7_unit_tag\" value=\"wpcf7-f72-o1\" \/>\n<input type=\"hidden\" name=\"_wpcf7_container_post\" value=\"0\" \/>\n<input type=\"hidden\" name=\"_wpcf7_posted_data_hash\" value=\"\" \/>\n<\/div>\n<p><label> Name \/ Surname<br \/>\n<span class=\"wpcf7-form-control-wrap\" data-name=\"your-name\"><input size=\"40\" maxlength=\"400\" class=\"wpcf7-form-control wpcf7-text wpcf7-validates-as-required\" aria-required=\"true\" aria-invalid=\"false\" value=\"\" type=\"text\" name=\"your-name\" \/><\/span> <\/label>\n<\/p>\n<p><label> Email<br \/>\n<span class=\"wpcf7-form-control-wrap\" data-name=\"your-email\"><input size=\"40\" maxlength=\"400\" class=\"wpcf7-form-control wpcf7-email wpcf7-validates-as-required wpcf7-text wpcf7-validates-as-email\" aria-required=\"true\" aria-invalid=\"false\" value=\"\" type=\"email\" name=\"your-email\" \/><\/span> <\/label>\n<\/p>\n<p><label> Your Message<br \/>\n<span class=\"wpcf7-form-control-wrap\" data-name=\"your-message\"><textarea cols=\"40\" rows=\"10\" maxlength=\"2000\" class=\"wpcf7-form-control wpcf7-textarea\" aria-invalid=\"false\" name=\"your-message\"><\/textarea><\/span> <\/label>\n<\/p>\n<p><input class=\"wpcf7-form-control wpcf7-submit has-spinner\" type=\"submit\" value=\"Submit\" \/>\n<\/p><div class=\"wpcf7-response-output\" aria-hidden=\"true\"><\/div>\n<input type=\"hidden\" name=\"trp-form-language\" value=\"en\"\/><\/form>\n<\/div>\n<\/div><\/div><\/div><div class=\"wpb_column vc_column_container vc_col-sm-6\"><div class=\"vc_column-inner\"><div class=\"wpb_wrapper\"><h3 class=\"sohohotel-title-20px sohohotel-clearfix sohohotel-title-left\">Contact<\/h3>\n\t<div class=\"wpb_text_column wpb_content_element\" >\n\t\t<div class=\"wpb_wrapper\">\n\t\t\t<p>If you need any further assistance or have queries, please do not hesitate to contact us.<\/p>\n\n\t\t<\/div>\n\t<\/div>\n<ul class=\"sohohotel-contact-details-list\"><li class=\"sohohotel-address clearfix\">Katip Mustafa Celebi Mahallesi Bahceli Hamam Sokak No:7 Beyo\u011flu Istanbul Turkiye<\/li><li class=\"sohohotel-phone clearfix\"><a href=\"tel: 902122515253\/ 905013535253\">+90 212 251 52 53 \/ +90 501 353 52 53<\/a><\/li><li class=\"sohohotel-email clearfix\"><a href=\"mailto:info@lihotel.com.tr\">info@lihotel.com.tr<\/a><\/li><\/ul><\/div><\/div><\/div><\/div><div class=\"vc_row wpb_row vc_row-fluid vc_custom_1625655823267 vc_row-has-fill\"><div class=\"wpb_column vc_column_container vc_col-sm-12 vc_col-has-fill\"><div class=\"vc_column-inner vc_custom_1625655832067\"><div class=\"wpb_wrapper\"><div class=\"wpb_gmaps_widget wpb_content_element\"><div class=\"wpb_wrapper\"><div class=\"wpb_map_wraper\"><iframe src=\"https:\/\/www.google.com\/maps\/embed?pb=!1m18!1m12!1m3!1d12038.873631671331!2d28.967972187317464!3d41.0314162187731!2m3!1f0!2f0!3f0!3m2!1i1024!2i768!4f13.1!3m3!1m2!1s0x14cab7d4739d1591%3A0xc57e417371adea9d!2sLi%20Hotel%20Pera!5e0!3m2!1str!2str!4v1672167257191!5m2!1str!2str\" width=\"600\" height=\"450\" style=\"border:0;\" allowfullscreen=\"\" loading=\"lazy\" referrerpolicy=\"no-referrer-when-downgrade\"><\/iframe><\/div><\/div><\/div><\/div><\/div><\/div><\/div>","protected":false},"excerpt":{"rendered":"Ad\u0131n\u0131z Soyad\u0131n\u0131z Email Mesaj\u0131n\u0131z \u0130leti\u015fim Bilgileri T\u00fcm soru, \u00f6neri ve geri bildirimleriniz i\u00e7in bizimle ileti\u015fime ge\u00e7ebilirsiniz. Katip Mustafa Celebi Mahallesi Bahceli Hamam Sokak No:7 Beyo\u011flu Istanbul Turkiye+90 212 251 52 53 \/ +90 501 353 52 53info@lihotel.com.tr<a href=\"https:\/\/lihotel.com.tr\/en\/iletisim\/\" class=\"sohohotel-more-link\">Read More<\/a>","protected":false},"author":1,"featured_media":0,"parent":0,"menu_order":0,"comment_status":"closed","ping_status":"closed","template":"","meta":{"footnotes":""},"class_list":["post-87","page","type-page","status-publish","hentry"],"_links":{"self":[{"href":"https:\/\/lihotel.com.tr\/en\/wp-json\/wp\/v2\/pages\/87","targetHints":{"allow":["GET"]}}],"collection":[{"href":"https:\/\/lihotel.com.tr\/en\/wp-json\/wp\/v2\/pages"}],"about":[{"href":"https:\/\/lihotel.com.tr\/en\/wp-json\/wp\/v2\/types\/page"}],"author":[{"embeddable":true,"href":"https:\/\/lihotel.com.tr\/en\/wp-json\/wp\/v2\/users\/1"}],"replies":[{"embeddable":true,"href":"https:\/\/lihotel.com.tr\/en\/wp-json\/wp\/v2\/comments?post=87"}],"version-history":[{"count":12,"href":"https:\/\/lihotel.com.tr\/en\/wp-json\/wp\/v2\/pages\/87\/revisions"}],"predecessor-version":[{"id":638,"href":"https:\/\/lihotel.com.tr\/en\/wp-json\/wp\/v2\/pages\/87\/revisions\/638"}],"wp:attachment":[{"href":"https:\/\/lihotel.com.tr\/en\/wp-json\/wp\/v2\/media?parent=87"}],"curies":[{"name":"wp","href":"https:\/\/api.w.org\/{rel}","templated":true}]}}