{"id":701,"date":"2024-03-01T13:42:33","date_gmt":"2024-03-01T13:42:33","guid":{"rendered":"https:\/\/lihotel.com.tr\/?page_id=701"},"modified":"2024-03-01T13:42:34","modified_gmt":"2024-03-01T13:42:34","slug":"surdurulebilir-turizm","status":"publish","type":"page","link":"https:\/\/lihotel.com.tr\/fr\/surdurulebilir-turizm\/","title":{"rendered":"Tourisme Durable"},"content":{"rendered":"<p>Afin de rendre permanente et durable notre devise d'une exp\u00e9rience d'h\u00e9bergement unique, nous nous engageons \u00e0 respecter les articles \u00e9nonc\u00e9s dans cette politique ;<\/p>\n\n\n\n<p><strong>Exigences l\u00e9gales<\/strong><\/p>\n\n\n\n<p>En respectant la l\u00e9gislation l\u00e9gale et l'\u00e9tat de droit concernant le secteur que nous servons, nous agissons conform\u00e9ment aux lois nationales et internationales et aux autres lois pertinentes et autres conditions que notre institution est tenue de respecter.<\/p>\n\n\n\n<p><strong>Ad\u00e9quation aux personnes handicap\u00e9es<\/strong><\/p>\n\n\n\n<p>Notre \u00e9tablissement n'est pas adapt\u00e9 \u00e0 l'usage des personnes handicap\u00e9es.<\/p>\n\n\n\n<p><strong>S\u00e9curit\u00e9 de nos parties prenantes et investissement dans les personnes<\/strong><\/p>\n\n\n\n<p>La sant\u00e9 et la s\u00e9curit\u00e9 sont notre priorit\u00e9 absolue pour toutes nos parties prenantes. Nous approchons et continuons de travailler avec nos coll\u00e8gues, nos partenaires fournisseurs et toutes les autres parties prenantes en fonction de ces deux crit\u00e8res. Dans ce contexte, nous organisons r\u00e9guli\u00e8rement des r\u00e9unions de formation continue, d'analyse des risques, de revue et de r\u00e9duction des risques, cr\u00e9ons des plans d'action et les mettons en \u0153uvre.<\/p>\n\n\n\n<p>Toutes les parties prenantes jouissent de la libert\u00e9 de pens\u00e9e et de croyance, et nous ne faisons aucune discrimination \u00e0 l\u2019encontre de quiconque sur des questions telles que la langue, la religion, la race, le sexe, la classe sociale, l\u2019\u00e2ge et l\u2019appartenance syndicale. La protection des droits de l'homme est notre r\u00e8gle fondamentale.<\/p>\n\n\n\n<p><strong>Satisfaction des clients<\/strong><\/p>\n\n\n\n<p>L'objectif principal du secteur dans lequel nous op\u00e9rons est la satisfaction de nos clients. Dans ce contexte, en plus des plateformes en ligne de renomm\u00e9e mondiale pour la gestion de l'h\u00e9bergement et des commentaires, nous utilisons la m\u00e9thode de gestion de la relation client individuelle, tr\u00e8s importante pour notre secteur, et nous enregistrons chaque suggestion et plainte, la consid\u00e9rant comme un point de d\u00e9veloppement potentiel pour nous-m\u00eames.<\/p>\n\n\n\n<p><strong>Respecter l'environnement et prot\u00e9ger la vie naturelle<\/strong><\/p>\n\n\n\n<p>Nous sommes conscients que l\u2019une des pierres angulaires d\u2019une vie durable est la protection de l\u2019environnement naturel. Dans ce contexte, nous sommes sensibles \u00e0 la pr\u00e9vention de la pollution de l'environnement en utilisant nos ressources de la mani\u00e8re la plus efficace, en r\u00e9duisant la quantit\u00e9 de d\u00e9chets dans le cadre du z\u00e9ro d\u00e9chet et en recyclant les d\u00e9chets, en les rendant inoffensifs pour la nature, en r\u00e9duisant le changement climatique et en prot\u00e9geant la biodiversit\u00e9 et \u00e9cosyst\u00e8me.<\/p>\n\n\n\n<p><strong>\u00c9conomie d'\u00e9nergie<\/strong><\/p>\n\n\n\n<p>Nous surveillons r\u00e9guli\u00e8rement les quantit\u00e9s d\u2019\u00e9nergie consomm\u00e9es dans notre installation. Nous visons \u00e0 utiliser les ressources \u00e9nerg\u00e9tiques de la mani\u00e8re la plus efficace et \u00e0 am\u00e9liorer continuellement nos performances en identifiant les domaines dans lesquels des \u00e9conomies d'\u00e9nergie peuvent \u00eatre r\u00e9alis\u00e9es et en prenant les mesures n\u00e9cessaires.<\/p>\n\n\n\n<p><strong>S\u00e9curit\u00e9 alimentaire \u2013 Hygi\u00e8ne<\/strong><\/p>\n\n\n\n<p>Dans ce contexte, nous prenons les pr\u00e9cautions n\u00e9cessaires et am\u00e9liorons constamment les processus conform\u00e9ment aux r\u00e9glementations l\u00e9gales et aux normes de qualit\u00e9 internes.<\/p>\n\n\n\n<p><strong>Soutien \u00e0 l\u2019\u00e9conomie locale et \u00e0 la durabilit\u00e9<\/strong><\/p>\n\n\n\n<p>Nous privil\u00e9gions les fournisseurs locaux dans toutes les conditions o\u00f9 des crit\u00e8res de qualit\u00e9 de service \u00e9gaux sont remplis. De cette mani\u00e8re, nous visons \u00e0 diffuser les effets positifs du tourisme \u00e0 un public plus large, non seulement financi\u00e8rement, mais \u00e9galement en aidant les fournisseurs locaux \u00e0 accro\u00eetre leur production et la qualit\u00e9 de leurs services. Dans nos processus d'achat, nous prenons en compte les crit\u00e8res de production de moins d'\u00e9nergie, d'eau et de d\u00e9chets et de respect de l'environnement.<\/p>","protected":false},"excerpt":{"rendered":"<p>Benzersiz bir konaklama deneyimini mottomuzu kal\u0131c\u0131 ve s\u00fcrd\u00fcr\u00fclebilir k\u0131lmak ad\u0131na bu politikada belirtti\u011fimiz maddelere uyumlu olmay\u0131 taahh\u00fct ediyoruz; Yasal gereklilikler Hizmet verdi\u011fimiz sekt\u00f6r ile ilgili yasal mevzuata ve hukukun \u00fcst\u00fcnl\u00fc\u011f\u00fcne sayg\u0131 duyarak, Ulusal ve Uluslararas\u0131 Kanunlara ve ilgili di\u011fer kanunlara, kurumumuzun uymakla y\u00fck\u00fcml\u00fc oldu\u011fu di\u011fer \u015fartlara uygun hareket ediyoruz. Engelli Bireylere Uygunluk Tesisimiz engelli bireylerin<\/p>\n<a href=\"https:\/\/lihotel.com.tr\/fr\/surdurulebilir-turizm\/\" class=\"sohohotel-more-link\">Read More<\/a>","protected":false},"author":1,"featured_media":0,"parent":0,"menu_order":0,"comment_status":"closed","ping_status":"closed","template":"","meta":{"footnotes":""},"class_list":["post-701","page","type-page","status-publish","hentry"],"_links":{"self":[{"href":"https:\/\/lihotel.com.tr\/fr\/wp-json\/wp\/v2\/pages\/701","targetHints":{"allow":["GET"]}}],"collection":[{"href":"https:\/\/lihotel.com.tr\/fr\/wp-json\/wp\/v2\/pages"}],"about":[{"href":"https:\/\/lihotel.com.tr\/fr\/wp-json\/wp\/v2\/types\/page"}],"author":[{"embeddable":true,"href":"https:\/\/lihotel.com.tr\/fr\/wp-json\/wp\/v2\/users\/1"}],"replies":[{"embeddable":true,"href":"https:\/\/lihotel.com.tr\/fr\/wp-json\/wp\/v2\/comments?post=701"}],"version-history":[{"count":1,"href":"https:\/\/lihotel.com.tr\/fr\/wp-json\/wp\/v2\/pages\/701\/revisions"}],"predecessor-version":[{"id":702,"href":"https:\/\/lihotel.com.tr\/fr\/wp-json\/wp\/v2\/pages\/701\/revisions\/702"}],"wp:attachment":[{"href":"https:\/\/lihotel.com.tr\/fr\/wp-json\/wp\/v2\/media?parent=701"}],"curies":[{"name":"wp","href":"https:\/\/api.w.org\/{rel}","templated":true}]}}