{"id":701,"date":"2024-03-01T13:42:33","date_gmt":"2024-03-01T13:42:33","guid":{"rendered":"https:\/\/lihotel.com.tr\/?page_id=701"},"modified":"2024-03-01T13:42:34","modified_gmt":"2024-03-01T13:42:34","slug":"surdurulebilir-turizm","status":"publish","type":"page","link":"https:\/\/lihotel.com.tr\/ru\/surdurulebilir-turizm\/","title":{"rendered":"Surdurulebilir Turizm"},"content":{"rendered":"<p>Benzersiz bir konaklama deneyimini mottomuzu kal\u0131c\u0131 ve s\u00fcrd\u00fcr\u00fclebilir k\u0131lmak ad\u0131na bu politikada belirtti\u011fimiz maddelere uyumlu olmay\u0131 taahh\u00fct ediyoruz;<\/p>\n\n\n\n<p><strong>Yasal gereklilikler<\/strong><\/p>\n\n\n\n<p>Hizmet verdi\u011fimiz sekt\u00f6r ile ilgili yasal mevzuata ve hukukun \u00fcst\u00fcnl\u00fc\u011f\u00fcne sayg\u0131 duyarak, Ulusal ve Uluslararas\u0131 Kanunlara ve ilgili di\u011fer kanunlara, kurumumuzun uymakla y\u00fck\u00fcml\u00fc oldu\u011fu di\u011fer \u015fartlara uygun hareket ediyoruz.<\/p>\n\n\n\n<p><strong>Engelli Bireylere Uygunluk<\/strong><\/p>\n\n\n\n<p>Tesisimiz engelli bireylerin kullan\u0131m\u0131 i\u00e7in uygun de\u011fildir.<\/p>\n\n\n\n<p><strong>Payda\u015flar\u0131m\u0131z\u0131n G\u00fcvenli\u011fi ve \u0130nsana Yat\u0131r\u0131m<\/strong><\/p>\n\n\n\n<p>Sa\u011fl\u0131k ve g\u00fcvenlik t\u00fcm payda\u015flar\u0131m\u0131z i\u00e7in g\u00f6z etti\u011fimiz birinci \u00f6nceli\u011fimizdir. \u00c7al\u0131\u015fma arkada\u015flar\u0131m\u0131za, tedarik\u00e7i partnerlerimize ve di\u011fer t\u00fcm payda\u015flar\u0131m\u0131za bu iki kriter do\u011frultusunda yakla\u015fmakta ve \u00e7al\u0131\u015fmay\u0131 s\u00fcrd\u00fcrmekteyiz. Bu ba\u011flamda s\u00fcrekli e\u011fitim, risk analizleri, g\u00f6zden ge\u00e7irme ve risk azalt\u0131m\u0131na y\u00f6nelik d\u00fczenli toplant\u0131lar yap\u0131p aksiyon planlar\u0131 olu\u015fturmakta ve bunlar\u0131 hayata ge\u00e7irmekteyiz.<\/p>\n\n\n\n<p>T\u00fcm payda\u015flar fikir, inan\u00e7 \u00f6zg\u00fcrl\u00fc\u011f\u00fcne sahip olup kimseye dil, din, \u0131rk, cinsiyet, sosyal s\u0131n\u0131f, ya\u015f ve birlik \u00fcyeli\u011fi gibi konularda ayr\u0131mc\u0131l\u0131k yapm\u0131yoruz. \u0130nsan haklar\u0131n\u0131n korunmas\u0131 temel kural\u0131m\u0131zd\u0131r.<\/p>\n\n\n\n<p><strong>Misafir Memnuniyeti<\/strong><\/p>\n\n\n\n<p>Faaliyet verdi\u011fimiz sekt\u00f6rde birinci hedef misafir memnuniyetidir. Bu ba\u011flamda gerek konaklama gerek geri bildirim y\u00f6netimi i\u00e7in d\u00fcnya \u00e7ap\u0131nda takdir g\u00f6rm\u00fc\u015f \u00e7evrimi\u00e7i platformlar\u0131n yan\u0131 s\u0131ra sekt\u00f6r\u00fcm\u00fcz i\u00e7in \u00e7ok \u00f6nemli olan birebir misafir ili\u015fki y\u00f6netimi y\u00f6ntemini kullanmakta, her \u00f6neri ve \u015fikayeti kay\u0131t alt\u0131na alarak kendimize bir potansiyel bir geli\u015fme noktas\u0131 olarak g\u00f6rmekteyiz.<\/p>\n\n\n\n<p><strong>\u00c7evreye Sayg\u0131 ve Do\u011fal Ya\u015fam\u0131 Koruma<\/strong><\/p>\n\n\n\n<p>S\u00fcrd\u00fcr\u00fclebilir bir ya\u015fam\u0131n temel ta\u015flar\u0131ndan birinin do\u011fal \u00e7evreyi korumak oldu\u011funun bilincindeyiz. Bu ba\u011flamda kaynaklar\u0131m\u0131z\u0131 en verimli \u015fekilde kullanarak \u00e7evre kirlili\u011finin \u00f6nlenmesini sa\u011flamay\u0131, s\u0131f\u0131r at\u0131k kapsam\u0131nda at\u0131k miktar\u0131n\u0131 azaltarak ve olu\u015fanlar\u0131n da geri d\u00f6n\u00fc\u015f\u00fcm\u00fcn\u00fc sa\u011flayarak do\u011faya zarars\u0131z hale getirmeyi, iklim de\u011fi\u015fikli\u011fini azaltmay\u0131 ve bio-\u00e7e\u015fitlili\u011fin ve ekosistemin korunmas\u0131 konusunda hassasiyet g\u00f6steriyoruz.<\/p>\n\n\n\n<p><strong>Enerji Tasarrufu<\/strong><\/p>\n\n\n\n<p>Tesisimizde enerji kullan\u0131m miktarlar\u0131n\u0131 d\u00fczenli olarak takip ediyoruz. Enerji tasarrufu sa\u011flanabilecek alanlar belirleyip gerekli \u00f6nlemleri alarak enerji kaynaklar\u0131n\u0131 en verimli \u015fekilde kullanmay\u0131 ve performans\u0131m\u0131z\u0131 s\u00fcrekli iyile\u015ftirmeyi hedefliyoruz.<\/p>\n\n\n\n<p><strong>G\u0131da G\u00fcvenli\u011fi \u2013 Hijyen<\/strong><\/p>\n\n\n\n<p>Bu ba\u011flamda gerek yasal mevzuata uygunluk gerekse kurum i\u00e7i belirlenen kalite standartlar\u0131 gere\u011fince gerekli \u00f6nlemleri al\u0131p s\u00fcre\u00e7leri s\u00fcrekli iyile\u015ftiriyoruz.<\/p>\n\n\n\n<p><strong>Yerel Ekonomiye Destek ve S\u00fcrd\u00fcr\u00fclebilirlik<\/strong><\/p>\n\n\n\n<p>E\u015fit hizmet kalitesi kriterinin sa\u011fland\u0131\u011f\u0131 her ko\u015fulda yerel tedarik\u00e7ileri tercih etmekteyiz. Bu sayede sadece maddi olarak de\u011fil ayn\u0131 zamanda yerel tedarik\u00e7ilerin \u00fcretim ve hizmet kalitelerinin artmas\u0131na da yard\u0131mc\u0131 olarak turizmin olumlu etkilerini daha geni\u015f bir kitleye yaymay\u0131 hedefliyoruz. Sat\u0131n alma s\u00fcre\u00e7lerimizde daha az enerji, su, at\u0131k \u00fcreten, \u00e7evre dostu olma kriterlerini g\u00f6zetiyoruz.<\/p>","protected":false},"excerpt":{"rendered":"<p>Benzersiz bir konaklama deneyimini mottomuzu kal\u0131c\u0131 ve s\u00fcrd\u00fcr\u00fclebilir k\u0131lmak ad\u0131na bu politikada belirtti\u011fimiz maddelere uyumlu olmay\u0131 taahh\u00fct ediyoruz; Yasal gereklilikler Hizmet verdi\u011fimiz sekt\u00f6r ile ilgili yasal mevzuata ve hukukun \u00fcst\u00fcnl\u00fc\u011f\u00fcne sayg\u0131 duyarak, Ulusal ve Uluslararas\u0131 Kanunlara ve ilgili di\u011fer kanunlara, kurumumuzun uymakla y\u00fck\u00fcml\u00fc oldu\u011fu di\u011fer \u015fartlara uygun hareket ediyoruz. Engelli Bireylere Uygunluk Tesisimiz engelli bireylerin<\/p>\n<a href=\"https:\/\/lihotel.com.tr\/ru\/surdurulebilir-turizm\/\" class=\"sohohotel-more-link\">Read More<\/a>","protected":false},"author":1,"featured_media":0,"parent":0,"menu_order":0,"comment_status":"closed","ping_status":"closed","template":"","meta":{"footnotes":""},"class_list":["post-701","page","type-page","status-publish","hentry"],"_links":{"self":[{"href":"https:\/\/lihotel.com.tr\/ru\/wp-json\/wp\/v2\/pages\/701","targetHints":{"allow":["GET"]}}],"collection":[{"href":"https:\/\/lihotel.com.tr\/ru\/wp-json\/wp\/v2\/pages"}],"about":[{"href":"https:\/\/lihotel.com.tr\/ru\/wp-json\/wp\/v2\/types\/page"}],"author":[{"embeddable":true,"href":"https:\/\/lihotel.com.tr\/ru\/wp-json\/wp\/v2\/users\/1"}],"replies":[{"embeddable":true,"href":"https:\/\/lihotel.com.tr\/ru\/wp-json\/wp\/v2\/comments?post=701"}],"version-history":[{"count":1,"href":"https:\/\/lihotel.com.tr\/ru\/wp-json\/wp\/v2\/pages\/701\/revisions"}],"predecessor-version":[{"id":702,"href":"https:\/\/lihotel.com.tr\/ru\/wp-json\/wp\/v2\/pages\/701\/revisions\/702"}],"wp:attachment":[{"href":"https:\/\/lihotel.com.tr\/ru\/wp-json\/wp\/v2\/media?parent=701"}],"curies":[{"name":"wp","href":"https:\/\/api.w.org\/{rel}","templated":true}]}}