{"id":75,"date":"2022-09-12T08:33:21","date_gmt":"2022-09-12T08:33:21","guid":{"rendered":"https:\/\/lihotel.com.tr\/about-us-ii\/"},"modified":"2023-01-02T11:58:16","modified_gmt":"2023-01-02T11:58:16","slug":"kurumsal","status":"publish","type":"page","link":"https:\/\/lihotel.com.tr\/ru\/kurumsal\/","title":{"rendered":"\u043e \u043d\u0430\u0441"},"content":{"rendered":"<div class=\"vc_row wpb_row vc_row-fluid\"><div class=\"wpb_column vc_column_container vc_col-sm-6\"><div class=\"vc_column-inner\"><div class=\"wpb_wrapper\">\n\t<div class=\"wpb_text_column wpb_content_element  vc_custom_1671797656766\" >\n\t\t<div class=\"wpb_wrapper\">\n\t\t\t<p>\u0423\u043b\u0438\u0446\u0430 \u0418\u0441\u0442\u0438\u043a\u043b\u044f\u043b\u044c \u0440\u0430\u0441\u043f\u043e\u043b\u043e\u0436\u0435\u043d\u0430 \u0432 \u0441\u0430\u043c\u043e\u043c \u0446\u0435\u043d\u0442\u0440\u0435 \u0421\u0442\u0430\u043c\u0431\u0443\u043b\u0430. \u0423\u043b\u0438\u0446\u0430, \u0437\u0430\u043a\u0440\u044b\u0442\u0430\u044f \u0434\u043b\u044f \u0434\u0432\u0438\u0436\u0435\u043d\u0438\u044f \u0430\u0432\u0442\u043e\u0442\u0440\u0430\u043d\u0441\u043f\u043e\u0440\u0442\u0430, \u044f\u0432\u043b\u044f\u0435\u0442\u0441\u044f \u043c\u0435\u0441\u0442\u043e\u043c \u043a\u0440\u0443\u0433\u043b\u043e\u0441\u0443\u0442\u043e\u0447\u043d\u043e\u0439 \u0436\u0438\u0437\u043d\u0438 \u0441 \u043a\u0430\u0444\u0435-\u0440\u0435\u0441\u0442\u043e\u0440\u0430\u043d\u0430\u043c\u0438, \u0431\u0430\u0440\u0430\u043c\u0438 \u0438 \u043d\u043e\u0447\u043d\u044b\u043c\u0438 \u043a\u043b\u0443\u0431\u0430\u043c\u0438, \u043c\u0430\u0433\u0430\u0437\u0438\u043d\u0430\u043c\u0438, \u0440\u0430\u0437\u0432\u043b\u0435\u043a\u0430\u0442\u0435\u043b\u044c\u043d\u044b\u043c\u0438 \u0438 \u043a\u0443\u043b\u044c\u0442\u0443\u0440\u043d\u044b\u043c\u0438 \u0437\u0430\u0432\u0435\u0434\u0435\u043d\u0438\u044f\u043c\u0438.<\/p>\n<p>Li Hotel Pera \u043f\u0440\u0435\u0434\u043b\u0430\u0433\u0430\u0435\u0442 \u0443\u043d\u0438\u043a\u0430\u043b\u044c\u043d\u044b\u0439 \u043e\u043f\u044b\u0442 \u043f\u0440\u043e\u0436\u0438\u0432\u0430\u043d\u0438\u044f \u0432 \u0446\u0435\u043d\u0442\u0440\u0435 \u0443\u043b\u0438\u0446\u044b \u0418\u0441\u0442\u0438\u043a\u043b\u044f\u043b\u044c, \u0432 \u0440\u0435\u043a\u043e\u043d\u0441\u0442\u0440\u0443\u0438\u0440\u043e\u0432\u0430\u043d\u043d\u043e\u043c \u0438 \u0434\u0435\u043a\u043e\u0440\u0438\u0440\u043e\u0432\u0430\u043d\u043d\u043e\u043c \u0437\u0434\u0430\u043d\u0438\u0438, \u0441\u043e\u0447\u0435\u0442\u0430\u044e\u0449\u0435\u043c \u0441\u043e\u0432\u0440\u0435\u043c\u0435\u043d\u043d\u043e\u0441\u0442\u044c \u0441 \u043b\u0435\u0432\u0430\u043d\u0442\u0438\u0439\u0441\u043a\u0438\u043c \u043f\u0440\u043e\u0448\u043b\u044b\u043c \u0440\u0435\u0433\u0438\u043e\u043d\u0430, \u043a\u0430\u0444\u0435, \u0432\u0434\u043e\u0445\u043d\u043e\u0432\u043b\u0435\u043d\u043d\u043e\u043c \u0444\u0440\u0430\u043d\u0446\u0443\u0437\u0441\u043a\u0438\u043c\u0438 \u0431\u0438\u0441\u0442\u0440\u043e, \u0441\u043e\u0432\u0440\u0435\u043c\u0435\u043d\u043d\u044b\u0435 \u0438 \u043a\u043e\u043c\u0444\u043e\u0440\u0442\u0430\u0431\u0435\u043b\u044c\u043d\u044b\u0435 \u043d\u043e\u043c\u0435\u0440\u0430, \u0430 \u0442\u0430\u043a\u0436\u0435 \u0442\u0435\u0440\u0440\u0430\u0441\u0443 \u0441 \u043f\u0430\u043d\u043e\u0440\u0430\u043c\u043d\u044b\u043c \u0432\u0438\u0434\u043e\u043c \u043d\u0430 \u043c\u043e\u0440\u0435 \u0438 \u0433\u043e\u0440\u043e\u0434.<\/p>\n\n\t\t<\/div>\n\t<\/div>\n<\/div><\/div><\/div><div class=\"wpb_column vc_column_container vc_col-sm-6\"><div class=\"vc_column-inner\"><div class=\"wpb_wrapper\">\n\t<div  class=\"wpb_single_image wpb_content_element vc_align_center\">\n\t\t\n\t\t<figure class=\"wpb_wrapper vc_figure\">\n\t\t\t<div class=\"vc_single_image-wrapper   vc_box_border_grey\"><img loading=\"lazy\" decoding=\"async\" width=\"1024\" height=\"768\" src=\"https:\/\/lihotel.com.tr\/wp-content\/uploads\/2022\/12\/vitrin-istiklal-1024x768.jpg\" class=\"vc_single_image-img attachment-large\" alt=\"\" title=\"vitrin-istiklal\" srcset=\"https:\/\/lihotel.com.tr\/wp-content\/uploads\/2022\/12\/vitrin-istiklal-1024x768.jpg 1024w, https:\/\/lihotel.com.tr\/wp-content\/uploads\/2022\/12\/vitrin-istiklal-300x225.jpg 300w, https:\/\/lihotel.com.tr\/wp-content\/uploads\/2022\/12\/vitrin-istiklal-768x576.jpg 768w, https:\/\/lihotel.com.tr\/wp-content\/uploads\/2022\/12\/vitrin-istiklal-1536x1152.jpg 1536w, https:\/\/lihotel.com.tr\/wp-content\/uploads\/2022\/12\/vitrin-istiklal-2048x1536.jpg 2048w, https:\/\/lihotel.com.tr\/wp-content\/uploads\/2022\/12\/vitrin-istiklal-100x75.jpg 100w, https:\/\/lihotel.com.tr\/wp-content\/uploads\/2022\/12\/vitrin-istiklal-600x450.jpg 600w\" sizes=\"auto, (max-width: 1024px) 100vw, 1024px\" \/><\/div>\n\t\t<\/figure>\n\t<\/div>\n<\/div><\/div><\/div><\/div><div class=\"vc_row wpb_row vc_row-fluid\"><div class=\"wpb_column vc_column_container vc_col-sm-6\"><div class=\"vc_column-inner\"><div class=\"wpb_wrapper\">\n\t<div  class=\"wpb_single_image wpb_content_element vc_align_center\">\n\t\t\n\t\t<figure class=\"wpb_wrapper vc_figure\">\n\t\t\t<div class=\"vc_single_image-wrapper   vc_box_border_grey\"><img loading=\"lazy\" decoding=\"async\" width=\"1024\" height=\"768\" src=\"https:\/\/lihotel.com.tr\/wp-content\/uploads\/2022\/12\/kafe-yatak-1-1024x768.jpg\" class=\"vc_single_image-img attachment-large\" alt=\"\" title=\"kafe-yatak\" srcset=\"https:\/\/lihotel.com.tr\/wp-content\/uploads\/2022\/12\/kafe-yatak-1-1024x768.jpg 1024w, https:\/\/lihotel.com.tr\/wp-content\/uploads\/2022\/12\/kafe-yatak-1-300x225.jpg 300w, https:\/\/lihotel.com.tr\/wp-content\/uploads\/2022\/12\/kafe-yatak-1-768x576.jpg 768w, https:\/\/lihotel.com.tr\/wp-content\/uploads\/2022\/12\/kafe-yatak-1-1536x1152.jpg 1536w, https:\/\/lihotel.com.tr\/wp-content\/uploads\/2022\/12\/kafe-yatak-1-2048x1536.jpg 2048w, https:\/\/lihotel.com.tr\/wp-content\/uploads\/2022\/12\/kafe-yatak-1-100x75.jpg 100w, https:\/\/lihotel.com.tr\/wp-content\/uploads\/2022\/12\/kafe-yatak-1-600x450.jpg 600w\" sizes=\"auto, (max-width: 1024px) 100vw, 1024px\" \/><\/div>\n\t\t<\/figure>\n\t<\/div>\n<\/div><\/div><\/div><div class=\"wpb_column vc_column_container vc_col-sm-6\"><div class=\"vc_column-inner\"><div class=\"wpb_wrapper\">\n\t<div class=\"wpb_text_column wpb_content_element  vc_custom_1672550141247\" >\n\t\t<div class=\"wpb_wrapper\">\n\t\t\t<p>\u041d\u0430\u0448 \u043e\u0442\u0435\u043b\u044c \u043d\u0430\u0445\u043e\u0434\u0438\u0442\u0441\u044f \u0432 50 \u043c\u0435\u0442\u0440\u0430\u0445 \u043e\u0442 \u043e\u0441\u0442\u0430\u043d\u043e\u0432\u043a\u0438 \u043d\u043e\u0441\u0442\u0430\u043b\u044c\u0433\u0438\u0447\u0435\u0441\u043a\u043e\u0433\u043e \u0442\u0440\u0430\u043c\u0432\u0430\u044f Aga Camii, \u0432 500 \u043c\u0435\u0442\u0440\u0430\u0445 \u043e\u0442 \u0441\u0442\u0430\u043d\u0446\u0438\u0438 \u043c\u0435\u0442\u0440\u043e \u0438 \u0430\u0432\u0442\u043e\u0431\u0443\u0441\u043d\u044b\u0445 \u043e\u0441\u0442\u0430\u043d\u043e\u0432\u043e\u043a. \u041e\u043d \u043d\u0430\u0445\u043e\u0434\u0438\u0442\u0441\u044f \u0432 40 \u043a\u043c \u043e\u0442 \u0430\u044d\u0440\u043e\u043f\u043e\u0440\u0442\u0430 \u0421\u0442\u0430\u043c\u0431\u0443\u043b\u0430, \u0432 45 \u043a\u043c \u043e\u0442 \u0430\u044d\u0440\u043e\u043f\u043e\u0440\u0442\u0430 \u0421\u0430\u0431\u0438\u0445\u0430 \u0413\u0435\u043a\u0447\u0435\u043d, \u0432 1,5 \u043a\u043c \u043e\u0442 \u043f\u0440\u0435\u0441\u0442\u0438\u0436\u043d\u044b\u0445 \u043a\u043e\u043d\u0446\u0435\u0440\u0442\u043d\u044b\u0445 \u0437\u0430\u043b\u043e\u0432 \u0438 \u0437\u0430\u043b\u043e\u0432 \u0434\u043b\u044f \u043f\u0440\u043e\u0432\u0435\u0434\u0435\u043d\u0438\u044f \u043c\u0435\u0440\u043e\u043f\u0440\u0438\u044f\u0442\u0438\u0439, \u0442\u0430\u043a\u0438\u0445 \u043a\u0430\u043a Atat\u00fcrk Cultural Centre, Cemal Re\u015fit Rey \u0438 L\u00fctf\u00fc K\u0131rdar, \u0432 1 \u043a\u043c \u043e\u0442 \u0438\u0441\u0442\u043e\u0440\u0438\u0447\u0435\u0441\u043a\u0438\u0445 \u0438 \u043f\u043e\u043f\u0443\u043b\u044f\u0440\u043d\u044b\u0445 \u0440\u0430\u0439\u043e\u043d\u043e\u0432, \u0442\u0430\u043a\u0438\u0445 \u043a\u0430\u043a Galata Tower, Karak\u00f6y \u0438 Cihangir, \u0432 7 \u043a\u043c \u043e\u0442 \u0438\u0441\u0442\u043e\u0440\u0438\u0447\u0435\u0441\u043a\u043e\u0433\u043e \u043f\u043e\u043b\u0443\u043e\u0441\u0442\u0440\u043e\u0432\u0430 \u0438 \u0432 10 \u043a\u043c \u043e\u0442 \u0434\u0435\u043b\u043e\u0432\u043e\u0433\u043e \u0446\u0435\u043d\u0442\u0440\u0430 Levent.<\/p>\n<p>Li Hotel Pera \u043f\u0440\u0435\u0434\u043b\u0430\u0433\u0430\u0435\u0442 6 \u043d\u043e\u043c\u0435\u0440\u043e\u0432 \u043f\u043e\u0432\u044b\u0448\u0435\u043d\u043d\u043e\u0439 \u043a\u043e\u043c\u0444\u043e\u0440\u0442\u043d\u043e\u0441\u0442\u0438 \u0438 6 \u043d\u043e\u043c\u0435\u0440\u043e\u0432 \u043b\u044e\u043a\u0441 \u0441 \u0431\u0430\u043b\u043a\u043e\u043d\u043e\u043c, \u0434\u0435\u0442\u0441\u043a\u043e\u0439 \u043a\u0440\u043e\u0432\u0430\u0442\u044c\u044e, \u0431\u0435\u0441\u043f\u043b\u0430\u0442\u043d\u044b\u043c Wi-Fi, \u0431\u0435\u0441\u043f\u0440\u043e\u0432\u043e\u0434\u043d\u044b\u043c \u0442\u0435\u043b\u0435\u0432\u0438\u0434\u0435\u043d\u0438\u0435\u043c, \u0416\u041a-\u0442\u0435\u043b\u0435\u0432\u0438\u0437\u043e\u0440\u043e\u043c, \u043a\u043e\u0444\u0435\u0432\u0430\u0440\u043a\u043e\u0439, \u043c\u0438\u043d\u0438-\u0431\u0430\u0440\u043e\u043c, \u0442\u0443\u0430\u043b\u0435\u0442\u043d\u044b\u043c\u0438 \u043f\u0440\u0438\u043d\u0430\u0434\u043b\u0435\u0436\u043d\u043e\u0441\u0442\u044f\u043c\u0438, \u0441\u0435\u0439\u0444\u043e\u043c, \u043d\u0430\u0431\u043e\u0440\u043e\u043c \u043f\u043e\u043b\u043e\u0442\u0435\u043d\u0435\u0446 \u0438 \u0444\u0435\u043d\u043e\u043c \u0432 \u043a\u0430\u0447\u0435\u0441\u0442\u0432\u0435 \u0441\u0442\u0430\u043d\u0434\u0430\u0440\u0442\u043d\u044b\u0445 \u0443\u0434\u043e\u0431\u0441\u0442\u0432.<\/p>\n\n\t\t<\/div>\n\t<\/div>\n<\/div><\/div><\/div><\/div><div class=\"vc_row wpb_row vc_row-fluid\"><div class=\"wpb_column vc_column_container vc_col-sm-6\"><div class=\"vc_column-inner\"><div class=\"wpb_wrapper\">\n\t<div class=\"wpb_text_column wpb_content_element  vc_custom_1671797765344\" >\n\t\t<div class=\"wpb_wrapper\">\n\t\t\t<p>\u041b\u0438\u0444\u0442, \u043e\u0431\u0441\u043b\u0443\u0436\u0438\u0432\u0430\u044e\u0449\u0438\u0439 \u043a\u0430\u0436\u0434\u044b\u0439 \u044d\u0442\u0430\u0436, \u0438 \u043a\u0440\u0443\u0433\u043b\u043e\u0441\u0443\u0442\u043e\u0447\u043d\u0430\u044f \u0441\u0442\u043e\u0439\u043a\u0430 \u0440\u0435\u0433\u0438\u0441\u0442\u0440\u0430\u0446\u0438\u0438 - \u0432\u043e\u0442 \u0434\u0440\u0443\u0433\u0438\u0435 \u043e\u0442\u043b\u0438\u0447\u0438\u0442\u0435\u043b\u044c\u043d\u044b\u0435 \u043e\u0441\u043e\u0431\u0435\u043d\u043d\u043e\u0441\u0442\u0438 \u043e\u0442\u0435\u043b\u044f.<\/p>\n<p>\u041f\u043b\u0430\u0442\u043d\u044b\u0435 \u0443\u0441\u043b\u0443\u0433\u0438, \u043f\u0440\u0435\u0434\u043b\u0430\u0433\u0430\u0435\u043c\u044b\u0435 \u0434\u043b\u044f \u0443\u043b\u0443\u0447\u0448\u0435\u043d\u0438\u044f \u0432\u043f\u0435\u0447\u0430\u0442\u043b\u0435\u043d\u0438\u0439 \u043e\u0442 \u043f\u0440\u043e\u0436\u0438\u0432\u0430\u043d\u0438\u044f, \u0432\u043a\u043b\u044e\u0447\u0430\u044e\u0442 \u0432 \u0441\u0435\u0431\u044f \u0437\u0430\u0432\u0442\u0440\u0430\u043a, \u0434\u043e\u043f\u043e\u043b\u043d\u0438\u0442\u0435\u043b\u044c\u043d\u0443\u044e \u043a\u0440\u043e\u0432\u0430\u0442\u044c, \u043f\u0440\u0430\u0447\u0435\u0447\u043d\u0443\u044e, \u0445\u0438\u043c\u0447\u0438\u0441\u0442\u043a\u0443, \u043f\u0430\u0440\u043a\u043e\u0432\u043a\u0443 \/ \u043a\u0430\u043c\u0435\u0440\u0434\u0438\u043d\u0435\u0440\u0430, \u0442\u0440\u0430\u043d\u0441\u0444\u0435\u0440 \u0438\u0437 \u0430\u044d\u0440\u043e\u043f\u043e\u0440\u0442\u0430 \u0438 \u044d\u043a\u0441\u043a\u0443\u0440\u0441\u0438\u043e\u043d\u043d\u043e\u0435 \u043e\u0431\u0441\u043b\u0443\u0436\u0438\u0432\u0430\u043d\u0438\u0435.<\/p>\n<p>\u041e\u043f\u044b\u0442\u043d\u0430\u044f \u0438 \u0434\u0440\u0443\u0436\u0435\u043b\u044e\u0431\u043d\u0430\u044f \u043a\u043e\u043c\u0430\u043d\u0434\u0430 Li Hotel Pera \u0436\u0434\u0435\u0442 \u0432\u0430\u0441, \u0447\u0442\u043e\u0431\u044b \u043f\u0440\u0435\u0434\u043b\u043e\u0436\u0438\u0442\u044c \u0441\u0432\u043e\u0438\u043c \u0433\u043e\u0441\u0442\u044f\u043c \u0443\u043d\u0438\u043a\u0430\u043b\u044c\u043d\u044b\u0435 \u0443\u0441\u043b\u043e\u0432\u0438\u044f \u043f\u0440\u043e\u0436\u0438\u0432\u0430\u043d\u0438\u044f.<\/p>\n\n\t\t<\/div>\n\t<\/div>\n<\/div><\/div><\/div><div class=\"wpb_column vc_column_container vc_col-sm-6\"><div class=\"vc_column-inner\"><div class=\"wpb_wrapper\">\n\t<div  class=\"wpb_single_image wpb_content_element vc_align_center\">\n\t\t\n\t\t<figure class=\"wpb_wrapper vc_figure\">\n\t\t\t<div class=\"vc_single_image-wrapper   vc_box_border_grey\"><img loading=\"lazy\" decoding=\"async\" width=\"1024\" height=\"542\" src=\"https:\/\/lihotel.com.tr\/wp-content\/uploads\/2022\/12\/bf-1-1024x542.jpeg\" class=\"vc_single_image-img attachment-large\" alt=\"\" title=\"bf\" srcset=\"https:\/\/lihotel.com.tr\/wp-content\/uploads\/2022\/12\/bf-1-1024x542.jpeg 1024w, https:\/\/lihotel.com.tr\/wp-content\/uploads\/2022\/12\/bf-1-300x159.jpeg 300w, https:\/\/lihotel.com.tr\/wp-content\/uploads\/2022\/12\/bf-1-768x406.jpeg 768w, https:\/\/lihotel.com.tr\/wp-content\/uploads\/2022\/12\/bf-1-1536x813.jpeg 1536w, https:\/\/lihotel.com.tr\/wp-content\/uploads\/2022\/12\/bf-1-2048x1084.jpeg 2048w, https:\/\/lihotel.com.tr\/wp-content\/uploads\/2022\/12\/bf-1-100x53.jpeg 100w, https:\/\/lihotel.com.tr\/wp-content\/uploads\/2022\/12\/bf-1-600x317.jpeg 600w\" sizes=\"auto, (max-width: 1024px) 100vw, 1024px\" \/><\/div>\n\t\t<\/figure>\n\t<\/div>\n<\/div><\/div><\/div><\/div><div class=\"vc_row wpb_row vc_row-fluid vc_custom_1627553435640 vc_row-has-fill\"><div class=\"wpb_column vc_column_container vc_col-sm-12 vc_col-has-fill\"><div class=\"vc_column-inner vc_custom_1627553414681\"><div class=\"wpb_wrapper\"><div class=\"vc_separator wpb_content_element vc_separator_align_center vc_sep_width_100 vc_sep_pos_align_center vc_separator_no_text\" ><span class=\"vc_sep_holder vc_sep_holder_l\"><span  style=\"border-color:#dedede;\" class=\"vc_sep_line\"><\/span><\/span><span class=\"vc_sep_holder vc_sep_holder_r\"><span  style=\"border-color:#dedede;\" class=\"vc_sep_line\"><\/span><\/span>\n<\/div><\/div><\/div><\/div><\/div>","protected":false},"excerpt":{"rendered":"\u0130stiklal caddesi konum itibariyle \u0130stanbul\u2019un kalbinde yer almaktad\u0131r. Ara\u00e7 trafi\u011fine kapal\u0131 olan cadde, kafe restoran, bar ve gece kul\u00fcpleri, al\u0131\u015fveri\u015f, e\u011flence ve k\u00fclt\u00fcr mekanlar\u0131 ile 24 saat ya\u015fayan bir yerdir. Li Hotel Pera, \u0130stiklal caddesinin merkezinde, b\u00f6lgenin levanten ge\u00e7mi\u015fi ile modernli\u011fi birle\u015ftirerek yeniden in\u015fa edilen ve dekore edilen binas\u0131, frans\u0131z bistrolar\u0131ndan esinlenen kafesi, modern ve<a href=\"https:\/\/lihotel.com.tr\/ru\/kurumsal\/\" class=\"sohohotel-more-link\">Read More<\/a>","protected":false},"author":1,"featured_media":0,"parent":0,"menu_order":0,"comment_status":"closed","ping_status":"closed","template":"","meta":{"footnotes":""},"class_list":["post-75","page","type-page","status-publish","hentry"],"_links":{"self":[{"href":"https:\/\/lihotel.com.tr\/ru\/wp-json\/wp\/v2\/pages\/75","targetHints":{"allow":["GET"]}}],"collection":[{"href":"https:\/\/lihotel.com.tr\/ru\/wp-json\/wp\/v2\/pages"}],"about":[{"href":"https:\/\/lihotel.com.tr\/ru\/wp-json\/wp\/v2\/types\/page"}],"author":[{"embeddable":true,"href":"https:\/\/lihotel.com.tr\/ru\/wp-json\/wp\/v2\/users\/1"}],"replies":[{"embeddable":true,"href":"https:\/\/lihotel.com.tr\/ru\/wp-json\/wp\/v2\/comments?post=75"}],"version-history":[{"count":22,"href":"https:\/\/lihotel.com.tr\/ru\/wp-json\/wp\/v2\/pages\/75\/revisions"}],"predecessor-version":[{"id":637,"href":"https:\/\/lihotel.com.tr\/ru\/wp-json\/wp\/v2\/pages\/75\/revisions\/637"}],"wp:attachment":[{"href":"https:\/\/lihotel.com.tr\/ru\/wp-json\/wp\/v2\/media?parent=75"}],"curies":[{"name":"wp","href":"https:\/\/api.w.org\/{rel}","templated":true}]}}