{"id":91,"date":"2022-09-12T08:33:21","date_gmt":"2022-09-12T08:33:21","guid":{"rendered":"https:\/\/lihotel.com.tr\/home-i\/"},"modified":"2023-01-11T09:17:30","modified_gmt":"2023-01-11T09:17:30","slug":"home-i","status":"publish","type":"page","link":"https:\/\/lihotel.com.tr\/ru\/","title":{"rendered":"\u0414\u043e\u043c\u0430\u0448\u043d\u044f\u044f \u0441\u0442\u0440\u0430\u043d\u0438\u0446\u0430"},"content":{"rendered":"<div class=\"vc_row wpb_row vc_row-fluid sohohotel-slideshow-wrapper-1 vc_custom_1626770139067 vc_row-has-fill\"><div class=\"wpb_column vc_column_container vc_col-sm-12 vc_col-has-fill\"><div class=\"vc_column-inner vc_custom_1626769422811\"><div class=\"wpb_wrapper\"><div class=\"flexslider sohohotel-slider-fullscreen\"><ul class=\"slides\"><li style=\"height: calc(100vh - 220px);\"><div class=\"sohohotel-slider-caption-1\"><h2>Li Hotel Pera<\/h2><a href=\"https:\/\/lihotel.com.tr\/ru\/kurumsal\/\" class=\"sohohotel-slider-button\">\u043e \u043d\u0430\u0441<\/a><\/div><div class=\"sohohotel-slider-overlay\" style=\"background:#000;opacity:0.5\"><\/div><div class=\"sohohotel-slide-image\" style=\"background-image:url(https:\/\/lihotel.com.tr\/wp-content\/uploads\/2022\/12\/Kafe-3.jpeg);\"><\/div><\/li><li style=\"height: calc(100vh - 220px);\"><div class=\"sohohotel-slider-caption-2\"><h2>\u041d\u0430\u0448\u0438 \u043d\u043e\u043c\u0435\u0440\u0430<\/h2><a href=\"https:\/\/lihotel.com.tr\/ru\/odalarimiz\/\" class=\"sohohotel-slider-button\">\u0434\u0435\u0442\u0430\u043b\u044c<\/a><\/div><div class=\"sohohotel-slider-overlay\" style=\"background:#000;opacity:0.5\"><\/div><div class=\"sohohotel-slide-image\" style=\"background-image:url(https:\/\/lihotel.com.tr\/wp-content\/uploads\/2022\/12\/image00009-1.jpeg);\"><\/div><\/li><\/ul><\/div><\/div><\/div><\/div><\/div><div class=\"vc_row wpb_row vc_row-fluid vc_custom_1625649513890 vc_row-has-fill\"><div class=\"wpb_column vc_column_container vc_col-sm-12 vc_col-has-fill\"><div class=\"vc_column-inner vc_custom_1625649524968\"><div class=\"wpb_wrapper\"><h3 class=\"sohohotel-title-35px sohohotel-clearfix sohohotel-title-center\">Li Hotel Pera<\/h3>\n\t<div class=\"wpb_text_column wpb_content_element  sohohotel-section-wrapper-1\" >\n\t\t<div class=\"wpb_wrapper\">\n\t\t\t<p style=\"text-align: center;\">\u041e\u043f\u044b\u0442\u043d\u0430\u044f \u0438 \u0434\u0440\u0443\u0436\u0435\u043b\u044e\u0431\u043d\u0430\u044f \u043a\u043e\u043c\u0430\u043d\u0434\u0430 Li Hotel Pera \u0436\u0434\u0435\u0442 \u0432\u0430\u0441, \u0447\u0442\u043e\u0431\u044b \u043f\u0440\u0435\u0434\u043b\u043e\u0436\u0438\u0442\u044c \u0441\u0432\u043e\u0438\u043c \u0433\u043e\u0441\u0442\u044f\u043c \u0443\u043d\u0438\u043a\u0430\u043b\u044c\u043d\u044b\u0435 \u0443\u0441\u043b\u043e\u0432\u0438\u044f \u043f\u0440\u043e\u0436\u0438\u0432\u0430\u043d\u0438\u044f.<\/p>\n\n\t\t<\/div>\n\t<\/div>\n<a href=\"https:\/\/lihotel.com.tr\/ru\/kurumsal\/\" class=\"sohohotel-button1\" style=\"background: #b99470;color:#ffffff;margin: 0 auto 0px auto;\">\u0411\u043e\u043b\u0435\u0435<\/a><div class=\"sohohotel-clearboth\"><\/div><\/div><\/div><\/div><\/div><div class=\"vc_row wpb_row vc_row-fluid\"><div class=\"wpb_column vc_column_container vc_col-sm-6\"><div class=\"vc_column-inner\"><div class=\"wpb_wrapper\">\n\t<div  class=\"wpb_single_image wpb_content_element vc_align_left\">\n\t\t\n\t\t<figure class=\"wpb_wrapper vc_figure\">\n\t\t\t<div class=\"vc_single_image-wrapper   vc_box_border_grey\"><img loading=\"lazy\" decoding=\"async\" width=\"2197\" height=\"1849\" src=\"https:\/\/lihotel.com.tr\/wp-content\/uploads\/2022\/12\/otel-giris-1.jpeg\" class=\"vc_single_image-img attachment-full\" alt=\"\" title=\"otel giri\u015f 1\" srcset=\"https:\/\/lihotel.com.tr\/wp-content\/uploads\/2022\/12\/otel-giris-1.jpeg 2197w, https:\/\/lihotel.com.tr\/wp-content\/uploads\/2022\/12\/otel-giris-1-300x252.jpeg 300w, https:\/\/lihotel.com.tr\/wp-content\/uploads\/2022\/12\/otel-giris-1-1024x862.jpeg 1024w, https:\/\/lihotel.com.tr\/wp-content\/uploads\/2022\/12\/otel-giris-1-768x646.jpeg 768w, https:\/\/lihotel.com.tr\/wp-content\/uploads\/2022\/12\/otel-giris-1-1536x1293.jpeg 1536w, https:\/\/lihotel.com.tr\/wp-content\/uploads\/2022\/12\/otel-giris-1-2048x1724.jpeg 2048w, https:\/\/lihotel.com.tr\/wp-content\/uploads\/2022\/12\/otel-giris-1-14x12.jpeg 14w, https:\/\/lihotel.com.tr\/wp-content\/uploads\/2022\/12\/otel-giris-1-100x84.jpeg 100w, https:\/\/lihotel.com.tr\/wp-content\/uploads\/2022\/12\/otel-giris-1-600x505.jpeg 600w\" sizes=\"auto, (max-width: 2197px) 100vw, 2197px\" \/><\/div>\n\t\t<\/figure>\n\t<\/div>\n<\/div><\/div><\/div><div class=\"wpb_column vc_column_container vc_col-sm-6\"><div class=\"vc_column-inner\"><div class=\"wpb_wrapper\">\n\t<div class=\"wpb_text_column wpb_content_element\" >\n\t\t<div class=\"wpb_wrapper\">\n\t\t\t<h5><\/h5>\n<p>&nbsp;<\/p>\n<p>&nbsp;<\/p>\n<p>&nbsp;<\/p>\n<p>&nbsp;<\/p>\n<p style=\"text-align: center;\"><span style=\"color: #ffcc00;\">\u00a0<\/span>Li Hotel Pera \u043f\u0440\u0435\u0434\u043b\u0430\u0433\u0430\u0435\u0442 \u0443\u043d\u0438\u043a\u0430\u043b\u044c\u043d\u044b\u0439 \u043e\u043f\u044b\u0442 \u043f\u0440\u043e\u0436\u0438\u0432\u0430\u043d\u0438\u044f \u0432 \u0446\u0435\u043d\u0442\u0440\u0435 \u0443\u043b\u0438\u0446\u044b \u0418\u0441\u0442\u0438\u043a\u043b\u044f\u043b\u044c, \u0432 \u0440\u0435\u043a\u043e\u043d\u0441\u0442\u0440\u0443\u0438\u0440\u043e\u0432\u0430\u043d\u043d\u043e\u043c \u0438 \u0434\u0435\u043a\u043e\u0440\u0438\u0440\u043e\u0432\u0430\u043d\u043d\u043e\u043c \u0437\u0434\u0430\u043d\u0438\u0438, \u0441\u043e\u0447\u0435\u0442\u0430\u044e\u0449\u0435\u043c \u0441\u043e\u0432\u0440\u0435\u043c\u0435\u043d\u043d\u043e\u0441\u0442\u044c \u0441 \u043b\u0435\u0432\u0430\u043d\u0442\u0438\u0439\u0441\u043a\u0438\u043c \u043f\u0440\u043e\u0448\u043b\u044b\u043c \u0440\u0435\u0433\u0438\u043e\u043d\u0430, \u043a\u0430\u0444\u0435, \u0432\u0434\u043e\u0445\u043d\u043e\u0432\u043b\u0435\u043d\u043d\u043e\u043c \u0444\u0440\u0430\u043d\u0446\u0443\u0437\u0441\u043a\u0438\u043c\u0438 \u0431\u0438\u0441\u0442\u0440\u043e, \u0441\u043e\u0432\u0440\u0435\u043c\u0435\u043d\u043d\u044b\u0435 \u0438 \u043a\u043e\u043c\u0444\u043e\u0440\u0442\u0430\u0431\u0435\u043b\u044c\u043d\u044b\u0435 \u043d\u043e\u043c\u0435\u0440\u0430, \u0430 \u0442\u0430\u043a\u0436\u0435 \u0442\u0435\u0440\u0440\u0430\u0441\u0443 \u0441 \u043f\u0430\u043d\u043e\u0440\u0430\u043c\u043d\u044b\u043c \u0432\u0438\u0434\u043e\u043c \u043d\u0430 \u043c\u043e\u0440\u0435 \u0438 \u0433\u043e\u0440\u043e\u0434.<span style=\"color: #ffcc00;\">\u00a0<\/span><\/p>\n\n\t\t<\/div>\n\t<\/div>\n<\/div><\/div><\/div><\/div><div data-vc-full-width=\"true\" data-vc-full-width-init=\"false\" data-vc-stretch-content=\"true\" class=\"vc_row wpb_row vc_row-fluid vc_custom_1671795769657 vc_row-has-fill vc_row-no-padding\"><div class=\"wpb_column vc_column_container vc_col-sm-12\"><div class=\"vc_column-inner\"><div class=\"wpb_wrapper\"><h3 class=\"sohohotel-title-35px sohohotel-clearfix sohohotel-title-center\">\u041d\u041e\u041c\u0415\u0420\u0410<\/h3>\t\n\t<!-- BEGIN .shb-accommodation-listing-style-1 -->\n\t<div class=\"shb-accommodation-listing-style-1 shb-accommodation-listing-style-1-columns-3 sohohotel-owl-carousel-3\">\n\t\t\n\t\t\t\t\n\t\t<!-- BEGIN .shb-accommodation-listing-item -->\n\t\t<div class=\"shb-accommodation-listing-item\">\n\t\t\t\n\t\t\t\t\t\t\t<a href=\"https:\/\/lihotel.com.tr\/ru\/accommodation\/deluxe-room\/\" rel=\"bookmark\" title=\"\u041d\u043e\u043c\u0435\u0440 \u043b\u044e\u043a\u0441\">\n\t\t\t\t\t\t\t\t\t\t<img decoding=\"async\" class=\"shb-accommodation-listing-image\" src=\"https:\/\/lihotel.com.tr\/wp-content\/uploads\/2022\/12\/image00009-1-1180x710.jpeg\" alt=\"Deluxe Oda\" \/>\t\t\t\t<\/a>\n\t\t\t\t\t\t\n\t\t\t<div class=\"shb-accommodation-listing-description-wrapper\">\n\t\t\t\t\n\t\t\t\t<h3><a href=\"https:\/\/lihotel.com.tr\/ru\/accommodation\/deluxe-room\/\" rel=\"bookmark\" title=\"\u041d\u043e\u043c\u0435\u0440 \u043b\u044e\u043a\u0441\">\u041d\u043e\u043c\u0435\u0440 \u043b\u044e\u043a\u0441<\/a><\/h3>\n\t\t\t\t\n\t\t\t\t<div class=\"shb-accommodation-listing-description shb-clearfix\">\n\t\t\t\t\t\n\t\t\t\t\t<ul>\r\n<li>30m2, 2 adet balkon, klima, \u00e7ay kahve seti, LCD TV<\/li>\r\n<\/ul>\r\n\r\n<\/ul>\t\t\t\t\t\n\t\t\t\t\t<a href=\"https:\/\/lihotel.com.tr\/ru\/accommodation\/deluxe-room\/\" class=\"shb-accommodation-listing-button1\">\u0130ncele<\/a>\n\t\t\t\t\t\n\n\t\t\t\t\n\t\t\t\t<\/div>\n\t\t\t\t\n\t\t\t<\/div>\n\t\t\t\n\t\t<!-- END .shb-accommodation-listing-item -->\n\t\t<\/div>\n\t\t\n\t\t\t\t\n\t\t<!-- BEGIN .shb-accommodation-listing-item -->\n\t\t<div class=\"shb-accommodation-listing-item\">\n\t\t\t\n\t\t\t\t\t\t\t<a href=\"https:\/\/lihotel.com.tr\/ru\/accommodation\/double-oda\/\" rel=\"bookmark\" title=\"\u0423\u043b\u0443\u0447\u0448\u0435\u043d\u043d\u044b\u0439 \u043d\u043e\u043c\u0435\u0440\">\n\t\t\t\t\t\t\t\t\t\t<img decoding=\"async\" class=\"shb-accommodation-listing-image\" src=\"https:\/\/lihotel.com.tr\/wp-content\/uploads\/2022\/09\/image00042-1180x710.jpeg\" alt=\"Superior Oda\" \/>\t\t\t\t<\/a>\n\t\t\t\t\t\t\n\t\t\t<div class=\"shb-accommodation-listing-description-wrapper\">\n\t\t\t\t\n\t\t\t\t<h3><a href=\"https:\/\/lihotel.com.tr\/ru\/accommodation\/double-oda\/\" rel=\"bookmark\" title=\"\u0423\u043b\u0443\u0447\u0448\u0435\u043d\u043d\u044b\u0439 \u043d\u043e\u043c\u0435\u0440\">\u0423\u043b\u0443\u0447\u0448\u0435\u043d\u043d\u044b\u0439 \u043d\u043e\u043c\u0435\u0440<\/a><\/h3>\n\t\t\t\t\n\t\t\t\t<div class=\"shb-accommodation-listing-description shb-clearfix\">\n\t\t\t\t\t\n\t\t\t\t\t<ul>\r\n<li> 21m2, 2 adet balkon, klima, \u00e7ay kahve seti, LCD TV<\/li>\r\n<\/ul>\r\n\t\t\t\t\t\n\t\t\t\t\t<a href=\"https:\/\/lihotel.com.tr\/ru\/accommodation\/double-oda\/\" class=\"shb-accommodation-listing-button1\">\u0130ncele<\/a>\n\t\t\t\t\t\n\n\t\t\t\t\n\t\t\t\t<\/div>\n\t\t\t\t\n\t\t\t<\/div>\n\t\t\t\n\t\t<!-- END .shb-accommodation-listing-item -->\n\t\t<\/div>\n\t\t\n\t\t\t\t\n\t<!-- END .shb-accommodation-listing-style-1 -->\n\t<\/div>\n\t\n\t<\/div><\/div><\/div><\/div><div class=\"vc_row-full-width vc_clearfix\"><\/div>","protected":false},"excerpt":{"rendered":"Superior Oda Oda:: 2 Yeti\u015fkin Alan: 21 sqm Oda Hakk\u0131nda Otelimizin 6 superior odas\u0131nda balkon, bebek yata\u011f\u0131, \u00fccretsiz Wi-Fi, kablosuz TV ba\u011flant\u0131s\u0131, LCD TV, kahve set-up, minibar, buklet malzemeleri, safe box, havlu seti ve sa\u00e7 kurutma makinas\u0131 standart konfor olarak sunulmaktad\u0131r. Hizmetler Y\u00fcksek h\u0131zl\u0131 Wi-Fi Cafe Birden fazla dil bilen personel Lobby 7 \/ 24<a href=\"https:\/\/lihotel.com.tr\/ru\/accommodation\/double-oda\/\" class=\"sohohotel-more-link\">Read More<\/a>","protected":false},"author":1,"featured_media":0,"parent":0,"menu_order":0,"comment_status":"closed","ping_status":"closed","template":"","meta":{"footnotes":""},"class_list":["post-91","page","type-page","status-publish","hentry"],"_links":{"self":[{"href":"https:\/\/lihotel.com.tr\/ru\/wp-json\/wp\/v2\/pages\/91","targetHints":{"allow":["GET"]}}],"collection":[{"href":"https:\/\/lihotel.com.tr\/ru\/wp-json\/wp\/v2\/pages"}],"about":[{"href":"https:\/\/lihotel.com.tr\/ru\/wp-json\/wp\/v2\/types\/page"}],"author":[{"embeddable":true,"href":"https:\/\/lihotel.com.tr\/ru\/wp-json\/wp\/v2\/users\/1"}],"replies":[{"embeddable":true,"href":"https:\/\/lihotel.com.tr\/ru\/wp-json\/wp\/v2\/comments?post=91"}],"version-history":[{"count":73,"href":"https:\/\/lihotel.com.tr\/ru\/wp-json\/wp\/v2\/pages\/91\/revisions"}],"predecessor-version":[{"id":692,"href":"https:\/\/lihotel.com.tr\/ru\/wp-json\/wp\/v2\/pages\/91\/revisions\/692"}],"wp:attachment":[{"href":"https:\/\/lihotel.com.tr\/ru\/wp-json\/wp\/v2\/media?parent=91"}],"curies":[{"name":"wp","href":"https:\/\/api.w.org\/{rel}","templated":true}]}}